{"id":28753,"date":"2012-10-07T12:00:01","date_gmt":"2012-10-07T12:00:01","guid":{"rendered":"https:\/\/www.classic-monsters.com\/shop\/?post_type=product&#038;p=28753"},"modified":"2023-08-11T07:25:39","modified_gmt":"2023-08-11T07:25:39","slug":"fly-1958-ultimate-guide-signed-art-print","status":"publish","type":"product","link":"https:\/\/www.classic-monsters.com\/shop\/product\/fly-1958-ultimate-guide-signed-art-print\/","title":{"rendered":"The Fly 1958 Ultimate Guide Signed + Art Print"},"content":{"rendered":"<h2 style=\"text-align: left;\"><a href=\"https:\/\/www.classic-monsters.com\/shop\/product\/fly-1958-ultimate-guide-magazine\/\"><span style=\"color: #127a02;\">This title is now sold out &#8211; click here for the regular unsigned edition.<\/span><\/a><\/h2>\n<h2><span style=\"color: #d3341d;\">The first 250 copies of The Fly 1958 Ultimate Guide are signed by authors Nige Burton and Jamie Jones, and come with a FREE art print!<\/span><\/h2>\n<h2><span style=\"color: #127a02;\">Discover the horror that lies beyond new scientific frontiers with our luxurious signed Ultimate Guide to <em>The Fly<\/em>, an essential moment in science fiction and monster movie history.<\/span><\/h2>\n<p>The evolution of the science fiction and horror movie genres is full of highlights, and 1958\u2019s <em>The Fly<\/em> is without doubt one of them, helping to shape the concept of science gone wrong that had driven many a golden age classic. Its combination of suspense, wonder and horror, with an affecting and poignant human tragedy at its heart, makes for a haunting and claustrophobic experience &#8211; Classic Monsters celebrate this movie evergreen with a luxurious signed Ultimate Guide that takes you back to Andr\u00e9 Delambre\u2019s mysterious lab in style.<\/p>\n<p><img loading=\"lazy\" decoding=\"async\" class=\"alignnone size-full wp-image-28807\" src=\"https:\/\/www.classic-monsters.com\/shop\/wp-content\/uploads\/2021\/07\/Fly-1958-Cover-Inline.jpg\" alt=\"The Fly 1958 Ultimate Guide Magazine\" width=\"500\" height=\"711\" srcset=\"https:\/\/www.classic-monsters.com\/shop\/wp-content\/uploads\/2021\/07\/Fly-1958-Cover-Inline.jpg 500w, https:\/\/www.classic-monsters.com\/shop\/wp-content\/uploads\/2021\/07\/Fly-1958-Cover-Inline-275x391.jpg 275w, https:\/\/www.classic-monsters.com\/shop\/wp-content\/uploads\/2021\/07\/Fly-1958-Cover-Inline-211x300.jpg 211w, https:\/\/www.classic-monsters.com\/shop\/wp-content\/uploads\/2021\/07\/Fly-1958-Cover-Inline-193x275.jpg 193w\" sizes=\"auto, (max-width: 500px) 100vw, 500px\" \/><\/p>\n<p>This glorious signed magazine guide to <em>The Fly<\/em> is packed with information on the movie\u2019s development, from its origins in George Langelaan\u2019s horrific 1957 short story right through to the tense, enigmatic production that delighted audiences when it hit movie screens under the Twentieth Century-Fox banner. Expertly helmed by Kurt Neumann, and thanks to the work of a skilled cast and crew, the big-screen debut of Langelaan\u2019s story gave the tale a vibrant new identity. Science fiction became science horror, and the motion picture world was all the richer for it.<\/p>\n<p><img loading=\"lazy\" decoding=\"async\" class=\"alignnone size-full wp-image-28808\" src=\"https:\/\/www.classic-monsters.com\/shop\/wp-content\/uploads\/2021\/07\/The-Fly-1958-Inline-01.jpg\" alt=\"The Fly 1958 Ultimate Guide Magazine\" width=\"500\" height=\"353\" srcset=\"https:\/\/www.classic-monsters.com\/shop\/wp-content\/uploads\/2021\/07\/The-Fly-1958-Inline-01.jpg 500w, https:\/\/www.classic-monsters.com\/shop\/wp-content\/uploads\/2021\/07\/The-Fly-1958-Inline-01-275x194.jpg 275w, https:\/\/www.classic-monsters.com\/shop\/wp-content\/uploads\/2021\/07\/The-Fly-1958-Inline-01-300x212.jpg 300w\" sizes=\"auto, (max-width: 500px) 100vw, 500px\" \/><\/p>\n<p>Every page of this lovingly designed signed guide to <em>The Fly<\/em> captures the movie\u2019s eerie mood, with clean timeless presentation married to a wealth of pin-sharp stills to immerse you in the story of Andr\u00e9\u2019s doomed attempts to revolutionise science. A range of articles explores the movie\u2019s origins, its similarities to &#8211; and divergences from &#8211; the original tale, and the studio decision-making that made it what it is today. As you explore this fact-packed signed guide to <em>The Fly<\/em> you\u2019ll rediscover the many reasons for its enduring popularity.<\/p>\n<p><img loading=\"lazy\" decoding=\"async\" class=\"alignnone size-full wp-image-28809\" src=\"https:\/\/www.classic-monsters.com\/shop\/wp-content\/uploads\/2021\/07\/The-Fly-1958-Inline-02.jpg\" alt=\"The Fly 1958 Ultimate Guide Magazine\" width=\"500\" height=\"353\" srcset=\"https:\/\/www.classic-monsters.com\/shop\/wp-content\/uploads\/2021\/07\/The-Fly-1958-Inline-02.jpg 500w, https:\/\/www.classic-monsters.com\/shop\/wp-content\/uploads\/2021\/07\/The-Fly-1958-Inline-02-275x194.jpg 275w, https:\/\/www.classic-monsters.com\/shop\/wp-content\/uploads\/2021\/07\/The-Fly-1958-Inline-02-300x212.jpg 300w\" sizes=\"auto, (max-width: 500px) 100vw, 500px\" \/><\/p>\n<p>In bringing the story to the screen, Neumann had a great cast to work with. Stars David Hedison and Patricia Owens infused lead characters Andr\u00e9 and H\u00e9l\u00e8ne with tenderness and pathos, the strength of their connection making Andr\u00e9\u2019s accident and its terrible consequences all the more horrifying. The cast also featured heavyweight support from Vincent Price and Herbert Marshall, with child star Charles Herbert\u2019s performance bringing a sense of grounded reality to the wild story. The signed edition of The Fly 1958 Ultimate Guide features informative biographies of the key cast and crew, giving you a fresh appreciation of the many skilled artists whose work remains so powerful today and whose other projects may surprise you.<\/p>\n<p><img loading=\"lazy\" decoding=\"async\" class=\"alignnone size-full wp-image-28810\" src=\"https:\/\/www.classic-monsters.com\/shop\/wp-content\/uploads\/2021\/07\/The-Fly-1958-Inline-03.jpg\" alt=\"The Fly 1958 Ultimate Guide Magazine\" width=\"500\" height=\"353\" srcset=\"https:\/\/www.classic-monsters.com\/shop\/wp-content\/uploads\/2021\/07\/The-Fly-1958-Inline-03.jpg 500w, https:\/\/www.classic-monsters.com\/shop\/wp-content\/uploads\/2021\/07\/The-Fly-1958-Inline-03-275x194.jpg 275w, https:\/\/www.classic-monsters.com\/shop\/wp-content\/uploads\/2021\/07\/The-Fly-1958-Inline-03-300x212.jpg 300w\" sizes=\"auto, (max-width: 500px) 100vw, 500px\" \/><\/p>\n<p>There really is nothing like this signed magazine guide to <em>The Fly<\/em>. Designed and produced to the highest standard, it reflects the passion that inspires every Classic Monsters magazine, giving you a new and exciting window into this unique sci-fi nightmare. Printed to exemplary standards on the finest quality paper stocks, it has an irresistible air of crispness and quality that no fan of <em>The Fly<\/em> should be without. Our celebrated use of full colour print techniques on world-class Heidelberg presses means that even black and white stills have an enviable richness, with deep black tones and clear definition.<\/p>\n<p><img loading=\"lazy\" decoding=\"async\" class=\"alignnone size-full wp-image-28811\" src=\"https:\/\/www.classic-monsters.com\/shop\/wp-content\/uploads\/2021\/07\/The-Fly-1958-Inline-04.jpg\" alt=\"The Fly 1958 Ultimate Guide Magazine\" width=\"500\" height=\"353\" srcset=\"https:\/\/www.classic-monsters.com\/shop\/wp-content\/uploads\/2021\/07\/The-Fly-1958-Inline-04.jpg 500w, https:\/\/www.classic-monsters.com\/shop\/wp-content\/uploads\/2021\/07\/The-Fly-1958-Inline-04-275x194.jpg 275w, https:\/\/www.classic-monsters.com\/shop\/wp-content\/uploads\/2021\/07\/The-Fly-1958-Inline-04-300x212.jpg 300w\" sizes=\"auto, (max-width: 500px) 100vw, 500px\" \/><\/p>\n<p>Housekeeper Emma says Andr\u00e9 hasn\u2019t left his lab again for dinner, and he certainly isn\u2019t saying much. His handwriting seems to have become so much worse since he started working on that disintegrator-integrator too. It\u2019s probably nothing to worry about, so swat that annoying bug out of the way &#8211; where did <em>that<\/em> come from? &#8211; and settle down with the signed Ultimate Guide to <em>The Fly<\/em>. It\u2019s the only way to relax these days\u2026<\/p>\n<h2><span style=\"color: #d3341d;\">Remember, the first 250 copies of The Fly 1958 Ultimate Guide are signed by the authors and come with this stunning FREE art print, so place your order today:<\/span><\/h2>\n<p><img loading=\"lazy\" decoding=\"async\" class=\"alignnone size-full wp-image-28818\" src=\"https:\/\/www.classic-monsters.com\/shop\/wp-content\/uploads\/2021\/07\/Fly-1958-Art-Print-Inline.jpg\" alt=\"The Fly 1958 Art Print\" width=\"500\" height=\"679\" srcset=\"https:\/\/www.classic-monsters.com\/shop\/wp-content\/uploads\/2021\/07\/Fly-1958-Art-Print-Inline.jpg 500w, https:\/\/www.classic-monsters.com\/shop\/wp-content\/uploads\/2021\/07\/Fly-1958-Art-Print-Inline-275x373.jpg 275w, https:\/\/www.classic-monsters.com\/shop\/wp-content\/uploads\/2021\/07\/Fly-1958-Art-Print-Inline-221x300.jpg 221w, https:\/\/www.classic-monsters.com\/shop\/wp-content\/uploads\/2021\/07\/Fly-1958-Art-Print-Inline-203x275.jpg 203w\" sizes=\"auto, (max-width: 500px) 100vw, 500px\" \/><\/p>\n<p><a href=\"https:\/\/www.classic-monsters.com\/shop\/product\/fly-1958-ultimate-guide-magazine\/\"><span style=\"color: #d3341d;\">Remember, the signed edition of this title is sold out, so click here for the regular version.<\/span><\/a><\/p>\n<h2><a href=\"https:\/\/www.classic-monsters.com\/shop\/product\/fly-1958-ultimate-guide-signed-hardback\/\"><span style=\"color: #d3341d;\">Or, if you\u2019d prefer something extra special, click here to check out the exclusive limited hardback edition &#8211; there are only 50 in the world!<\/span><\/a><\/h2>\n<ul>\n<li>36 pages<\/li>\n<li>A4<\/li>\n<li>Full colour throughout<\/li>\n<li>Luxury gloss laminated cover<\/li>\n<li>Signed by both authors and hand-numbered<\/li>\n<li>Includes a FREE limited edition numbered <em>The Fly<\/em> art print<\/li>\n<\/ul>\n","protected":false},"excerpt":{"rendered":"<p>This title is now sold out.<\/p>\n","protected":false},"featured_media":28806,"comment_status":"open","ping_status":"closed","template":"","meta":[],"product_brand":[],"product_cat":[786,470,105,107],"product_tag":[777,783,779,775,784,782,780,781,469,373,249,776,778,184,99],"class_list":{"0":"post-28753","1":"product","2":"type-product","3":"status-publish","4":"has-post-thumbnail","6":"product_cat-fly","7":"product_cat-sci-fi","8":"product_cat-exclusive-signed-editions","9":"product_cat-ultimate-guides","10":"product_tag-20th-century-fox","11":"product_tag-charles-herbert","12":"product_tag-david-hedison","13":"product_tag-fly","14":"product_tag-george-langelaan","15":"product_tag-herbert-marshall","16":"product_tag-kurt-neumann","17":"product_tag-patricia-owens","18":"product_tag-sci-fi","19":"product_tag-science-fiction","20":"product_tag-signed-guide","21":"product_tag-the-fly","22":"product_tag-twentieth-century-fox","23":"product_tag-ultimate-guide","24":"product_tag-vincent-price","26":"first","27":"outofstock","28":"shipping-taxable","29":"purchasable","30":"product-type-simple"},"yoast_head":"<!-- This site is optimized with the Yoast SEO plugin v27.1.1 - https:\/\/yoast.com\/product\/yoast-seo-wordpress\/ -->\n<title>The Fly 1958 Ultimate Guide Signed + Art Print - Classic Monsters Shop<\/title>\n<meta name=\"description\" content=\"The Fly 1958 Signed Ultimate Guide Magazine is a luxury full colour guide to the Twentieth Century-Fox horror movie directed by Kurt Neumann.\" \/>\n<meta name=\"robots\" content=\"index, follow, max-snippet:-1, max-image-preview:large, max-video-preview:-1\" \/>\n<link rel=\"canonical\" href=\"https:\/\/www.classic-monsters.com\/shop\/product\/fly-1958-ultimate-guide-signed-art-print\/\" \/>\n<meta property=\"og:locale\" content=\"en_GB\" \/>\n<meta property=\"og:type\" content=\"article\" \/>\n<meta property=\"og:title\" content=\"The Fly 1958 Ultimate Guide Signed + Art Print - Classic Monsters Shop\" \/>\n<meta property=\"og:description\" content=\"The Fly 1958 Signed Ultimate Guide Magazine is a luxury full colour guide to the Twentieth Century-Fox horror movie directed by Kurt Neumann.\" \/>\n<meta property=\"og:url\" content=\"https:\/\/www.classic-monsters.com\/shop\/product\/fly-1958-ultimate-guide-signed-art-print\/\" \/>\n<meta property=\"og:site_name\" content=\"Classic Monsters Shop\" \/>\n<meta property=\"article:modified_time\" content=\"2023-08-11T07:25:39+00:00\" \/>\n<meta property=\"og:image\" content=\"https:\/\/www.classic-monsters.com\/shop\/wp-content\/uploads\/2021\/07\/Fly-1958-Cover.jpg\" \/>\n\t<meta property=\"og:image:width\" content=\"703\" \/>\n\t<meta property=\"og:image:height\" content=\"1000\" \/>\n\t<meta property=\"og:image:type\" content=\"image\/jpeg\" \/>\n<meta name=\"twitter:card\" content=\"summary_large_image\" \/>\n<meta name=\"twitter:label1\" content=\"Estimated reading time\" \/>\n\t<meta name=\"twitter:data1\" content=\"5 minutes\" \/>\n<script type=\"application\/ld+json\" class=\"yoast-schema-graph\">{\"@context\":\"https:\/\/schema.org\",\"@graph\":[{\"@type\":\"WebPage\",\"@id\":\"https:\/\/www.classic-monsters.com\/shop\/product\/fly-1958-ultimate-guide-signed-art-print\/\",\"url\":\"https:\/\/www.classic-monsters.com\/shop\/product\/fly-1958-ultimate-guide-signed-art-print\/\",\"name\":\"The Fly 1958 Ultimate Guide Signed + Art Print - Classic Monsters Shop\",\"isPartOf\":{\"@id\":\"https:\/\/www.classic-monsters.com\/shop\/#website\"},\"primaryImageOfPage\":{\"@id\":\"https:\/\/www.classic-monsters.com\/shop\/product\/fly-1958-ultimate-guide-signed-art-print\/#primaryimage\"},\"image\":{\"@id\":\"https:\/\/www.classic-monsters.com\/shop\/product\/fly-1958-ultimate-guide-signed-art-print\/#primaryimage\"},\"thumbnailUrl\":\"https:\/\/www.classic-monsters.com\/shop\/wp-content\/uploads\/2021\/07\/Fly-1958-Cover.jpg\",\"datePublished\":\"2012-10-07T12:00:01+00:00\",\"dateModified\":\"2023-08-11T07:25:39+00:00\",\"description\":\"The Fly 1958 Signed Ultimate Guide Magazine is a luxury full colour guide to the Twentieth Century-Fox horror movie directed by Kurt Neumann.\",\"breadcrumb\":{\"@id\":\"https:\/\/www.classic-monsters.com\/shop\/product\/fly-1958-ultimate-guide-signed-art-print\/#breadcrumb\"},\"inLanguage\":\"en-GB\",\"potentialAction\":[{\"@type\":\"ReadAction\",\"target\":[\"https:\/\/www.classic-monsters.com\/shop\/product\/fly-1958-ultimate-guide-signed-art-print\/\"]}]},{\"@type\":\"ImageObject\",\"inLanguage\":\"en-GB\",\"@id\":\"https:\/\/www.classic-monsters.com\/shop\/product\/fly-1958-ultimate-guide-signed-art-print\/#primaryimage\",\"url\":\"https:\/\/www.classic-monsters.com\/shop\/wp-content\/uploads\/2021\/07\/Fly-1958-Cover.jpg\",\"contentUrl\":\"https:\/\/www.classic-monsters.com\/shop\/wp-content\/uploads\/2021\/07\/Fly-1958-Cover.jpg\",\"width\":703,\"height\":1000,\"caption\":\"The Fly 1958 Ultimate Guide\"},{\"@type\":\"BreadcrumbList\",\"@id\":\"https:\/\/www.classic-monsters.com\/shop\/product\/fly-1958-ultimate-guide-signed-art-print\/#breadcrumb\",\"itemListElement\":[{\"@type\":\"ListItem\",\"position\":1,\"name\":\"Home\",\"item\":\"https:\/\/www.classic-monsters.com\/shop\/\"},{\"@type\":\"ListItem\",\"position\":2,\"name\":\"Shop\",\"item\":\"https:\/\/www.classic-monsters.com\/shop\/shop\/\"},{\"@type\":\"ListItem\",\"position\":3,\"name\":\"The Fly 1958 Ultimate Guide Signed + Art Print\"}]},{\"@type\":\"WebSite\",\"@id\":\"https:\/\/www.classic-monsters.com\/shop\/#website\",\"url\":\"https:\/\/www.classic-monsters.com\/shop\/\",\"name\":\"Classic Monsters Shop\",\"description\":\"Horror movie books, magazines, art prints and gifts\",\"potentialAction\":[{\"@type\":\"SearchAction\",\"target\":{\"@type\":\"EntryPoint\",\"urlTemplate\":\"https:\/\/www.classic-monsters.com\/shop\/?s={search_term_string}\"},\"query-input\":{\"@type\":\"PropertyValueSpecification\",\"valueRequired\":true,\"valueName\":\"search_term_string\"}}],\"inLanguage\":\"en-GB\"}]}<\/script>\n<!-- \/ Yoast SEO plugin. -->","yoast_head_json":{"title":"The Fly 1958 Ultimate Guide Signed + Art Print - Classic Monsters Shop","description":"The Fly 1958 Signed Ultimate Guide Magazine is a luxury full colour guide to the Twentieth Century-Fox horror movie directed by Kurt Neumann.","robots":{"index":"index","follow":"follow","max-snippet":"max-snippet:-1","max-image-preview":"max-image-preview:large","max-video-preview":"max-video-preview:-1"},"canonical":"https:\/\/www.classic-monsters.com\/shop\/product\/fly-1958-ultimate-guide-signed-art-print\/","og_locale":"en_GB","og_type":"article","og_title":"The Fly 1958 Ultimate Guide Signed + Art Print - Classic Monsters Shop","og_description":"The Fly 1958 Signed Ultimate Guide Magazine is a luxury full colour guide to the Twentieth Century-Fox horror movie directed by Kurt Neumann.","og_url":"https:\/\/www.classic-monsters.com\/shop\/product\/fly-1958-ultimate-guide-signed-art-print\/","og_site_name":"Classic Monsters Shop","article_modified_time":"2023-08-11T07:25:39+00:00","og_image":[{"width":703,"height":1000,"url":"https:\/\/www.classic-monsters.com\/shop\/wp-content\/uploads\/2021\/07\/Fly-1958-Cover.jpg","type":"image\/jpeg"}],"twitter_card":"summary_large_image","twitter_misc":{"Estimated reading time":"5 minutes"},"schema":{"@context":"https:\/\/schema.org","@graph":[{"@type":"WebPage","@id":"https:\/\/www.classic-monsters.com\/shop\/product\/fly-1958-ultimate-guide-signed-art-print\/","url":"https:\/\/www.classic-monsters.com\/shop\/product\/fly-1958-ultimate-guide-signed-art-print\/","name":"The Fly 1958 Ultimate Guide Signed + Art Print - Classic Monsters Shop","isPartOf":{"@id":"https:\/\/www.classic-monsters.com\/shop\/#website"},"primaryImageOfPage":{"@id":"https:\/\/www.classic-monsters.com\/shop\/product\/fly-1958-ultimate-guide-signed-art-print\/#primaryimage"},"image":{"@id":"https:\/\/www.classic-monsters.com\/shop\/product\/fly-1958-ultimate-guide-signed-art-print\/#primaryimage"},"thumbnailUrl":"https:\/\/www.classic-monsters.com\/shop\/wp-content\/uploads\/2021\/07\/Fly-1958-Cover.jpg","datePublished":"2012-10-07T12:00:01+00:00","dateModified":"2023-08-11T07:25:39+00:00","description":"The Fly 1958 Signed Ultimate Guide Magazine is a luxury full colour guide to the Twentieth Century-Fox horror movie directed by Kurt Neumann.","breadcrumb":{"@id":"https:\/\/www.classic-monsters.com\/shop\/product\/fly-1958-ultimate-guide-signed-art-print\/#breadcrumb"},"inLanguage":"en-GB","potentialAction":[{"@type":"ReadAction","target":["https:\/\/www.classic-monsters.com\/shop\/product\/fly-1958-ultimate-guide-signed-art-print\/"]}]},{"@type":"ImageObject","inLanguage":"en-GB","@id":"https:\/\/www.classic-monsters.com\/shop\/product\/fly-1958-ultimate-guide-signed-art-print\/#primaryimage","url":"https:\/\/www.classic-monsters.com\/shop\/wp-content\/uploads\/2021\/07\/Fly-1958-Cover.jpg","contentUrl":"https:\/\/www.classic-monsters.com\/shop\/wp-content\/uploads\/2021\/07\/Fly-1958-Cover.jpg","width":703,"height":1000,"caption":"The Fly 1958 Ultimate Guide"},{"@type":"BreadcrumbList","@id":"https:\/\/www.classic-monsters.com\/shop\/product\/fly-1958-ultimate-guide-signed-art-print\/#breadcrumb","itemListElement":[{"@type":"ListItem","position":1,"name":"Home","item":"https:\/\/www.classic-monsters.com\/shop\/"},{"@type":"ListItem","position":2,"name":"Shop","item":"https:\/\/www.classic-monsters.com\/shop\/shop\/"},{"@type":"ListItem","position":3,"name":"The Fly 1958 Ultimate Guide Signed + Art Print"}]},{"@type":"WebSite","@id":"https:\/\/www.classic-monsters.com\/shop\/#website","url":"https:\/\/www.classic-monsters.com\/shop\/","name":"Classic Monsters Shop","description":"Horror movie books, magazines, art prints and gifts","potentialAction":[{"@type":"SearchAction","target":{"@type":"EntryPoint","urlTemplate":"https:\/\/www.classic-monsters.com\/shop\/?s={search_term_string}"},"query-input":{"@type":"PropertyValueSpecification","valueRequired":true,"valueName":"search_term_string"}}],"inLanguage":"en-GB"}]}},"_links":{"self":[{"href":"https:\/\/www.classic-monsters.com\/shop\/wp-json\/wp\/v2\/product\/28753","targetHints":{"allow":["GET"]}}],"collection":[{"href":"https:\/\/www.classic-monsters.com\/shop\/wp-json\/wp\/v2\/product"}],"about":[{"href":"https:\/\/www.classic-monsters.com\/shop\/wp-json\/wp\/v2\/types\/product"}],"replies":[{"embeddable":true,"href":"https:\/\/www.classic-monsters.com\/shop\/wp-json\/wp\/v2\/comments?post=28753"}],"wp:featuredmedia":[{"embeddable":true,"href":"https:\/\/www.classic-monsters.com\/shop\/wp-json\/wp\/v2\/media\/28806"}],"wp:attachment":[{"href":"https:\/\/www.classic-monsters.com\/shop\/wp-json\/wp\/v2\/media?parent=28753"}],"wp:term":[{"taxonomy":"product_brand","embeddable":true,"href":"https:\/\/www.classic-monsters.com\/shop\/wp-json\/wp\/v2\/product_brand?post=28753"},{"taxonomy":"product_cat","embeddable":true,"href":"https:\/\/www.classic-monsters.com\/shop\/wp-json\/wp\/v2\/product_cat?post=28753"},{"taxonomy":"product_tag","embeddable":true,"href":"https:\/\/www.classic-monsters.com\/shop\/wp-json\/wp\/v2\/product_tag?post=28753"}],"curies":[{"name":"wp","href":"https:\/\/api.w.org\/{rel}","templated":true}]}}